{"id":40,"date":"2026-01-26T15:43:00","date_gmt":"2026-01-26T14:43:00","guid":{"rendered":"https:\/\/kubi-nk.de\/?page_id=40"},"modified":"2026-02-01T12:18:04","modified_gmt":"2026-02-01T11:18:04","slug":"intro","status":"publish","type":"page","link":"https:\/\/kubi-nk.de\/index.php\/intro\/","title":{"rendered":"INFO"},"content":{"rendered":"\n<h3 class=\"wp-block-heading has-text-align-left\">Das Neuk\u00f6llner Netzwerk Kulturelle Bildung<\/h3>\n\n\n\n<p>Das Neuk\u00f6llner Netzwerk Kulturelle Bildung (NNKB), gegr\u00fcndet 2018, wurde als Modellprojekt von Februar 2023 bis April 2025 \u00fcber die Senatsverwaltung f\u00fcr Bildung, Jugend und Familie finanziert und vom WerkStadt Kulturverein als Koordinationsstelle umgesetzt.<\/p>\n\n\n\n<p>Seit April 2025 ist die \u201eBezirkliche Koordinierungsstelle f\u00fcr Kulturelle Bildung im Jugendbereich\u201c nicht mehr \u00fcber die Senatsverwaltung f\u00fcr Bildung, Jugend und Familie finanziert. Das Modellprojekt fiel den Haushaltsk\u00fcrzungen und -streichungen zum Opfer.<\/p>\n\n\n\n<figure class=\"wp-block-image size-large is-resized\"><img loading=\"lazy\" decoding=\"async\" width=\"1024\" height=\"166\" src=\"https:\/\/kubi-nk.de\/wp-content\/uploads\/2026\/01\/NNKB-Logos_Foerderer-3-1024x166.jpg\" alt=\"\" class=\"wp-image-881\" style=\"aspect-ratio:6.167763235289966;object-fit:cover;width:350px\" srcset=\"https:\/\/kubi-nk.de\/wp-content\/uploads\/2026\/01\/NNKB-Logos_Foerderer-3-1024x166.jpg 1024w, https:\/\/kubi-nk.de\/wp-content\/uploads\/2026\/01\/NNKB-Logos_Foerderer-3-300x49.jpg 300w, https:\/\/kubi-nk.de\/wp-content\/uploads\/2026\/01\/NNKB-Logos_Foerderer-3-768x124.jpg 768w, https:\/\/kubi-nk.de\/wp-content\/uploads\/2026\/01\/NNKB-Logos_Foerderer-3-1536x249.jpg 1536w, https:\/\/kubi-nk.de\/wp-content\/uploads\/2026\/01\/NNKB-Logos_Foerderer-3.jpg 1543w\" sizes=\"auto, (max-width: 1024px) 100vw, 1024px\" \/><\/figure>\n\n\n\n<p>Eine Koordination f\u00fcr das NNKB wird weiterhin vom WerkStadt Kulturverein Berlin e.V. getragen und \u00fcber verschiedene F\u00f6rdergeber mitfinanziert. F\u00fcr die Arbeit des Netzwerks werden weiterhin F\u00f6rdermittel eingeworben, die neue Schwerpunkte und Perspektiven er\u00f6ffnen und sowohl die Netzwerkarbeit, als auch vielf\u00e4ltige Veranstaltungen f\u00fcr junge Menschen in Neuk\u00f6lln erm\u00f6glichen.<br><br>Das Bezirksamt Neuk\u00f6lln, Fachbereich Kultur, f\u00f6rderte 2025 die Planung, Organisation und Umsetzung der Auftaktveranstaltung der \u201eOOPS \u2013 Woche der Kulturellen Bildung\u201c. Dadurch konnte die Woche der Kulturellen Bildung 2025 nicht nur erneut stattfinden, sondern erstmals auch durch eine programmatische Auftaktveranstaltung erg\u00e4nzt werden.<\/p>\n\n\n\n<p>Die Senatsverwaltung f\u00fcr Arbeit, Soziales, Gleichstellung, Integration, Vielfalt und Antidiskriminierung st\u00e4rkt mit dem Programm \u201eQueeres Leben in den Bezirken\u201c das bezirkliche F\u00f6rderprogramm f\u00fcr queeres Engagement.<br><br>In Neuk\u00f6lln wurde im Rahmen des NNKB das Projekt \u201eOOPS und QUEER\u201c gef\u00f6rdert. Es richtet sich insbesondere an Jugend- sowie Kunst- und Kultureinrichtungen im S\u00fcden Neuk\u00f6llns und au\u00dferhalb des S-Bahn-Rings. Der Schwerpunkt hier liegt auf einer queer- und diskriminierungssensiblen sowie geschlechterreflektierenden Arbeit mit jungen Menschen im Kontext Kulturelle Bildung. So konnte die \u201eOOPS \u2013 Woche der Kulturellen Bildung\u201c 2025 einen inhaltlichen Schwerpunkt setzen und queersensible und geschlechterreflektierende Angebote in ihr Programm aufnehmen.<br><br>Zudem wurde im November 2025 der \u201eDiaDeWutzky\u201c veranstaltet \u2013 ein Fest f\u00fcr Jugendliche, welches die Vielfalt sichtbar machte und zeigte, wie bunt Neuk\u00f6lln ist.<br><br>Das Projekt hat eine Laufzeit von zehn Monaten und endet am 28.02.2026.<\/p>\n\n\n\n<figure class=\"wp-block-image size-large is-resized\"><img loading=\"lazy\" decoding=\"async\" width=\"1024\" height=\"123\" src=\"https:\/\/kubi-nk.de\/wp-content\/uploads\/2026\/01\/NNKB-Logos_Foerderer-4-1024x123.jpg\" alt=\"\" class=\"wp-image-882\" style=\"aspect-ratio:8.324661942793195;object-fit:contain;width:450px\" srcset=\"https:\/\/kubi-nk.de\/wp-content\/uploads\/2026\/01\/NNKB-Logos_Foerderer-4-1024x123.jpg 1024w, https:\/\/kubi-nk.de\/wp-content\/uploads\/2026\/01\/NNKB-Logos_Foerderer-4-300x36.jpg 300w, https:\/\/kubi-nk.de\/wp-content\/uploads\/2026\/01\/NNKB-Logos_Foerderer-4-768x92.jpg 768w, https:\/\/kubi-nk.de\/wp-content\/uploads\/2026\/01\/NNKB-Logos_Foerderer-4-1536x185.jpg 1536w, https:\/\/kubi-nk.de\/wp-content\/uploads\/2026\/01\/NNKB-Logos_Foerderer-4-2048x247.jpg 2048w\" sizes=\"auto, (max-width: 1024px) 100vw, 1024px\" \/><\/figure>\n\n\n\n<p>Eine weitere F\u00f6rderung mit einer Laufzeit von acht Monaten (SOS-Kinderd\u00f6rfer weltweit Hermann-Gmeiner-Fonds e.V., Kampagne \u201eWir springen ein!\u201c) legt den Schwerpunkt auf die Entwicklung von Beteiligungsstrategien f\u00fcr Kinder und Jugendliche im Kontext Kultureller Bildung sowie die Umsetzung von Veranstaltungen, die im Rahmen von Beteiligungsverfahren ermittelt wurden.<br><br>Dar\u00fcber hinaus setzt sich das Neuk\u00f6llner Netzwerk Kulturelle Bildung (NNKB) in der F\u00f6rderperiode verst\u00e4rkt mit den Kinderschutzrichtlinien auseinander und integriert entsprechende Aspekte in sein weiterzuentwickelndes Selbstverst\u00e4ndnis.<\/p>\n\n\n\n<figure class=\"wp-block-image size-full is-resized\"><img loading=\"lazy\" decoding=\"async\" width=\"780\" height=\"250\" src=\"https:\/\/kubi-nk.de\/wp-content\/uploads\/2026\/01\/NNKB-Logos_Foerderer-5.jpg\" alt=\"\" class=\"wp-image-883\" style=\"width:300px\" srcset=\"https:\/\/kubi-nk.de\/wp-content\/uploads\/2026\/01\/NNKB-Logos_Foerderer-5.jpg 780w, https:\/\/kubi-nk.de\/wp-content\/uploads\/2026\/01\/NNKB-Logos_Foerderer-5-300x96.jpg 300w, https:\/\/kubi-nk.de\/wp-content\/uploads\/2026\/01\/NNKB-Logos_Foerderer-5-768x246.jpg 768w\" sizes=\"auto, (max-width: 780px) 100vw, 780px\" \/><\/figure>\n\n\n\n<p><br>Das LSI-Entwicklungsprojekt \u201eKiezConnect \u2013 Deine Chance im Quartier\u201c st\u00e4rkt, in Kooperation mit der Klub44 gGmbH, die kulturelle Bildungs-Teilhabe und Berufswahlkompetenz von Jugendlichen in Neuk\u00f6lln. Gef\u00f6rdert wird das Projekt aus Mitteln der Europ\u00e4ischen Union und des Landes Berlin im Rahmen des Europ\u00e4ischen Sozialfonds,<br><br>Jugendliche erhalten im Projekt einen niedrigschwelligen Zugang zu Informationen \u00fcber kulturelle Bildungsangebote und reflektieren erste Nutzungserfahrungen. Zudem f\u00f6rdert \u201eKiezConnect\u201c ressort\u00fcbergreifende Kooperationen zwischen Fachkr\u00e4ften aus den Bereichen Jugend, Kultur und Schule und erprobt neue Strukturen f\u00fcr soziale Teilhabe und berufliche Orientierung.<br><br>\u201eKiezConnect \u2013 Deine Chance im Quartier\u201c ist ein Projekt des WerkStadt Kulturverein Berlin e.V. in Kooperation mit der Klub44 gGmbH und dem Bezirksamt Neuk\u00f6lln, Fachstelle Kulturelle Bildung.<\/p>\n\n\n\n<figure class=\"wp-block-image size-large is-resized\"><img loading=\"lazy\" decoding=\"async\" width=\"1024\" height=\"215\" src=\"https:\/\/kubi-nk.de\/wp-content\/uploads\/2026\/01\/NNKB-Logos_Foerderer-2-1024x215.jpg\" alt=\"\" class=\"wp-image-884\" style=\"aspect-ratio:4.762849973696075;object-fit:contain;width:300px\" srcset=\"https:\/\/kubi-nk.de\/wp-content\/uploads\/2026\/01\/NNKB-Logos_Foerderer-2-1024x215.jpg 1024w, https:\/\/kubi-nk.de\/wp-content\/uploads\/2026\/01\/NNKB-Logos_Foerderer-2-300x63.jpg 300w, https:\/\/kubi-nk.de\/wp-content\/uploads\/2026\/01\/NNKB-Logos_Foerderer-2-768x161.jpg 768w, https:\/\/kubi-nk.de\/wp-content\/uploads\/2026\/01\/NNKB-Logos_Foerderer-2.jpg 1190w\" sizes=\"auto, (max-width: 1024px) 100vw, 1024px\" \/><\/figure>\n\n\n\n<figure class=\"wp-block-image size-full is-resized\"><img loading=\"lazy\" decoding=\"async\" width=\"847\" height=\"594\" src=\"https:\/\/kubi-nk.de\/wp-content\/uploads\/2026\/01\/NNKB-Logos_Foerderer-6.jpg\" alt=\"\" class=\"wp-image-891\" style=\"width:250px\" srcset=\"https:\/\/kubi-nk.de\/wp-content\/uploads\/2026\/01\/NNKB-Logos_Foerderer-6.jpg 847w, https:\/\/kubi-nk.de\/wp-content\/uploads\/2026\/01\/NNKB-Logos_Foerderer-6-300x210.jpg 300w, https:\/\/kubi-nk.de\/wp-content\/uploads\/2026\/01\/NNKB-Logos_Foerderer-6-768x539.jpg 768w\" sizes=\"auto, (max-width: 847px) 100vw, 847px\" \/><\/figure>\n\n\n\n<figure class=\"wp-block-image size-full is-resized\"><img loading=\"lazy\" decoding=\"async\" width=\"749\" height=\"250\" src=\"https:\/\/kubi-nk.de\/wp-content\/uploads\/2026\/01\/NNKB-Logos_Foerderer-1.jpg\" alt=\"\" class=\"wp-image-885\" style=\"aspect-ratio:2.994198899539615;object-fit:contain;width:300px\" srcset=\"https:\/\/kubi-nk.de\/wp-content\/uploads\/2026\/01\/NNKB-Logos_Foerderer-1.jpg 749w, https:\/\/kubi-nk.de\/wp-content\/uploads\/2026\/01\/NNKB-Logos_Foerderer-1-300x100.jpg 300w\" sizes=\"auto, (max-width: 749px) 100vw, 749px\" \/><\/figure>\n\n\n\n<h4 class=\"wp-block-heading\"><br>Feb. 2023 &#8211; April 2025<br>Modellprojekt &#8222;Bezirkliche Koordinierungsstelle f\u00fcr <br>die Kulturelle Bildung im Jugendbereich&#8220;<\/h4>\n\n\n\n<p>Das Neuk\u00f6llner Netzwerk Kulturelle Bildung (NNKB), gegr\u00fcndet 2018, hat seit Februar 2023 eine \u00fcber die Senatsverwaltung f\u00fcr Bildung, Jugend und Familie finanzierte und vom WerkStadt Kulturverein getragene Koordinationsstelle.<\/p>\n\n\n\n<p>Kulturelle Bildung ist ein Querschnittsthema, welches sich durch die drei Bereiche zieht, in denen Kinder und Jugendliche ihre Zeit und Freizeit verbringen \u2013 Schule, Jugendeinrichtungen, Kunst- und Kulturorte.<br>Das Netzwerk verbindet Akteur*innen der Kulturellen Bildung im Kinder- und Jugendbereich und l\u00e4dt diese ein, an gemeinsamen Treffen teilzunehmen, sich auszutauschen und Kulturelle Bildung sichtbar zu machen, f\u00fcr das Zielpublikum, f\u00fcr die Einrichtungen selbst und auch f\u00fcr den Bezirk.<br><br>Das NNKB ist ein Ort f\u00fcr Austausch und Vernetzung, hier k\u00f6nnen Ressourcen geb\u00fcndelt und Synergien effektiv genutzt, Finanzierungsm\u00f6glichkeiten gefunden, gemeinsame Aktionen gedacht und ein verbindliches Konzept f\u00fcr Kulturelle Bildung im Bezirk entwickelt werden.<br>Das Netzwerk lebt von den Mitarbeiter*innen und Expert*innen aus den Ressorts Jugend, Kultur und Schule, die in direktem Kontakt mit Kindern und Jugendlichen stehen und deren Lebensrealit\u00e4ten, Bed\u00fcrfnisse, W\u00fcnsche und \u00c4nderungsvorschl\u00e4ge kennen.<br><br>Die Arbeit des NNKB folgt einem Bottom-Up-Ansatz, um praxisnah, bedarfsorientiert zu arbeiten und zugleich strukturelle Wirkung auf die Bezirkspolitik zu entfalten. Im Mittelpunkt stehen die Bed\u00fcrfnisse und W\u00fcnsche von Kindern und Jugendlichen. Kulturelle Bildung ist dabei Programm, Methode und Tool in einem.<\/p>\n\n\n\n<p>Kultureller Bildung er\u00f6ffnet neue M\u00f6glichkeits- und Reflexionsr\u00e4ume, sie erm\u00f6glicht einen Perspektivwechsel und f\u00f6rdert Pr\u00e4senz, Ausdauer und Mut. Sie f\u00f6rdert Selbstbewusstsein, selbstbestimmtes Handeln und wirkt gewaltpr\u00e4ventiv. F\u00fcr Kinder und Jugendliche ist sie zudem ein wichtiges Hobby und eine sinnvolle Form der Freizeitgestaltung, dar\u00fcber hinaus st\u00e4rkt sie die Bildungs-Teilhabe und Berufswahlkompetenz von jungen Menschen.<br><br>F\u00fcr die drei Kalenderjahre 2023, 2024 und 2025 kann die LKJ Berlin zun\u00e4chst modellhaft <strong>zwei bezirkliche Koordinierungsstellen f\u00fcr die Kulturelle Bildung im Jugendbereich,<\/strong> im Rahmen des Projekts <strong>Jugendkulturzentren in bezirklichen Bildungsnetzwerken (JuKuBi),<\/strong> in zwei Berliner Bezirken realisieren. Eine, ist die hier genannte Koordination des NNKB in Neuk\u00f6lln und eine weiter Stelle ist im Bezirk Pankow angesiedelt.<\/p>\n\n\n\n<p><\/p>\n","protected":false},"excerpt":{"rendered":"<p>Das Neuk\u00f6llner Netzwerk Kulturelle Bildung Das Neuk\u00f6llner Netzwerk Kulturelle Bildung (NNKB), gegr\u00fcndet 2018, wurde als Modellprojekt von Februar 2023 bis April 2025 \u00fcber die Senatsverwaltung f\u00fcr Bildung, Jugend und Familie finanziert und vom WerkStadt Kulturverein als Koordinationsstelle umgesetzt. Seit April 2025 ist die \u201eBezirkliche Koordinierungsstelle f\u00fcr Kulturelle Bildung im Jugendbereich\u201c nicht mehr \u00fcber die Senatsverwaltung [&hellip;]<\/p>\n","protected":false},"author":2,"featured_media":33,"parent":0,"menu_order":0,"comment_status":"closed","ping_status":"closed","template":"","meta":{"footnotes":""},"class_list":["post-40","page","type-page","status-publish","has-post-thumbnail","hentry"],"_links":{"self":[{"href":"https:\/\/kubi-nk.de\/index.php\/wp-json\/wp\/v2\/pages\/40","targetHints":{"allow":["GET"]}}],"collection":[{"href":"https:\/\/kubi-nk.de\/index.php\/wp-json\/wp\/v2\/pages"}],"about":[{"href":"https:\/\/kubi-nk.de\/index.php\/wp-json\/wp\/v2\/types\/page"}],"author":[{"embeddable":true,"href":"https:\/\/kubi-nk.de\/index.php\/wp-json\/wp\/v2\/users\/2"}],"replies":[{"embeddable":true,"href":"https:\/\/kubi-nk.de\/index.php\/wp-json\/wp\/v2\/comments?post=40"}],"version-history":[{"count":16,"href":"https:\/\/kubi-nk.de\/index.php\/wp-json\/wp\/v2\/pages\/40\/revisions"}],"predecessor-version":[{"id":893,"href":"https:\/\/kubi-nk.de\/index.php\/wp-json\/wp\/v2\/pages\/40\/revisions\/893"}],"wp:featuredmedia":[{"embeddable":true,"href":"https:\/\/kubi-nk.de\/index.php\/wp-json\/wp\/v2\/media\/33"}],"wp:attachment":[{"href":"https:\/\/kubi-nk.de\/index.php\/wp-json\/wp\/v2\/media?parent=40"}],"curies":[{"name":"wp","href":"https:\/\/api.w.org\/{rel}","templated":true}]}}